{"id":10693,"date":"2025-12-11T23:21:16","date_gmt":"2025-12-11T20:21:16","guid":{"rendered":"https:\/\/aviaflora.ee\/?page_id=10693"},"modified":"2025-12-17T03:13:49","modified_gmt":"2025-12-17T00:13:49","slug":"delivery-returns","status":"publish","type":"page","link":"https:\/\/aviaflora.ee\/et\/delivery-returns\/","title":{"rendered":"Tarne ja tagastamine"},"content":{"rendered":"<div data-elementor-type=\"wp-page\" data-elementor-id=\"10693\" class=\"elementor elementor-10693\" data-elementor-post-type=\"page\">\n\t\t\t\t<div class=\"elementor-element elementor-element-e4863a6 e-flex e-con-boxed e-con e-parent\" data-id=\"e4863a6\" data-element_type=\"container\" data-e-type=\"container\">\n\t\t\t\t\t<div class=\"e-con-inner\">\n\t\t\t\t<div class=\"elementor-element elementor-element-071baa0 elementor--h-position-center elementor--v-position-middle elementor-arrows-position-inside elementor-pagination-position-inside elementor-widget elementor-widget-slides\" data-id=\"071baa0\" data-element_type=\"widget\" data-e-type=\"widget\" data-settings=\"{&quot;navigation&quot;:&quot;both&quot;,&quot;autoplay&quot;:&quot;yes&quot;,&quot;pause_on_hover&quot;:&quot;yes&quot;,&quot;pause_on_interaction&quot;:&quot;yes&quot;,&quot;autoplay_speed&quot;:5000,&quot;infinite&quot;:&quot;yes&quot;,&quot;transition&quot;:&quot;slide&quot;,&quot;transition_speed&quot;:500}\" data-widget_type=\"slides.default\">\n\t\t\t\t<div class=\"elementor-widget-container\">\n\t\t\t\t\t\t\t\t\t<div class=\"elementor-swiper\">\n\t\t\t\t\t<div class=\"elementor-slides-wrapper elementor-main-swiper swiper\" role=\"region\" aria-roledescription=\"carousel\" aria-label=\"Slides\" dir=\"ltr\" data-animation=\"fadeInUp\">\n\t\t\t\t<div class=\"swiper-wrapper elementor-slides\">\n\t\t\t\t\t\t\t\t\t\t<div class=\"elementor-repeater-item-f077422 swiper-slide\" role=\"group\" aria-roledescription=\"slide\"><div class=\"swiper-slide-bg\" role=\"img\" aria-label=\"pexels-202387659-159059641\"><\/div><div class=\"swiper-slide-inner\" ><div class=\"swiper-slide-contents\"><div class=\"elementor-slide-heading\">Tarne ja tagastamine<\/div><div class=\"elementor-slide-description\">Kohaletoimetamine Ida-Virumaale ja individuaalne l\u00e4henemine tellimuse k\u00fcsimuste lahendamisele.<\/div><\/div><\/div><\/div>\t\t\t\t<\/div>\n\t\t\t\t\t\t\t<\/div>\n\t\t\t\t<\/div>\n\t\t\t\t\t\t\t\t<\/div>\n\t\t\t\t<\/div>\n\t\t\t\t\t<\/div>\n\t\t\t\t<\/div>\n\t\t<div class=\"elementor-element elementor-element-ec04fb3 e-flex e-con-boxed e-con e-parent\" data-id=\"ec04fb3\" data-element_type=\"container\" data-e-type=\"container\">\n\t\t\t\t\t<div class=\"e-con-inner\">\n\t\t\t\t<div class=\"elementor-element elementor-element-07a96b9 elementor-widget-divider--view-line elementor-widget elementor-widget-divider\" data-id=\"07a96b9\" data-element_type=\"widget\" data-e-type=\"widget\" data-widget_type=\"divider.default\">\n\t\t\t\t<div class=\"elementor-widget-container\">\n\t\t\t\t\t\t\t<div class=\"elementor-divider\">\n\t\t\t<span class=\"elementor-divider-separator\">\n\t\t\t\t\t\t<\/span>\n\t\t<\/div>\n\t\t\t\t\t\t<\/div>\n\t\t\t\t<\/div>\n\t\t\t\t\t<\/div>\n\t\t\t\t<\/div>\n\t\t<div class=\"elementor-element elementor-element-c0ad1f1 e-flex e-con-boxed e-con e-parent\" data-id=\"c0ad1f1\" data-element_type=\"container\" data-e-type=\"container\">\n\t\t\t\t\t<div class=\"e-con-inner\">\n\t\t\t\t<div class=\"elementor-element elementor-element-8ef4040 elementor-widget elementor-widget-heading\" data-id=\"8ef4040\" data-element_type=\"widget\" data-e-type=\"widget\" data-widget_type=\"heading.default\">\n\t\t\t\t<div class=\"elementor-widget-container\">\n\t\t\t\t\t<h2 class=\"elementor-heading-title elementor-size-default\">Tarne<\/h2>\t\t\t\t<\/div>\n\t\t\t\t<\/div>\n\t\t\t\t\t<\/div>\n\t\t\t\t<\/div>\n\t\t<div class=\"elementor-element elementor-element-8802ed5 e-flex e-con-boxed e-con e-parent\" data-id=\"8802ed5\" data-element_type=\"container\" data-e-type=\"container\">\n\t\t\t\t\t<div class=\"e-con-inner\">\n\t\t\t\t<div class=\"elementor-element elementor-element-a37fdd0 elementor-widget elementor-widget-text-editor\" data-id=\"a37fdd0\" data-element_type=\"widget\" data-e-type=\"widget\" data-widget_type=\"text-editor.default\">\n\t\t\t\t<div class=\"elementor-widget-container\">\n\t\t\t\t\t\t\t\t\t<p><strong>Ida-Virumaa tarne tingimused<br><\/strong><\/p>\n<p class=\"ds-markdown-paragraph\">Me toome teie tellimuse hea meelega kohale! Allpool on esitatud kehtivad tariferid teenuste osutamiseks maakonna peamistesse linnadesse ja asulatesse.<\/p>\n<p class=\"ds-markdown-paragraph\"><strong>Tarifid kohaletoimetamiseks:<\/strong><\/p>\n<ul>\n<li>J\u00f5hvi ja Akhtme \u2014 4 \u20ac<\/li>\n<li>Kohtla-J\u00e4rve \u2014 6 \u20ac<\/li>\n<li>Toila \u2014 7 \u20ac<\/li>\n<li>Sillam\u00e4e \u2014 15 \u20ac<\/li>\n<li>Narva \u2014 arutatakse individuaalselt<\/li>\n<\/ul>\n<p class=\"ds-markdown-paragraph\"><strong>Oluline teave:<\/strong><br>Teiste asulate tellimuste v\u00f5i kiireloomulise kohaletoimetamise korral palun v\u00f5tke meiega \u00fchendust, et t\u00e4psustada v\u00f5imalusi. Tellimuse vormistamisel v\u00f5ite m\u00e4rkida soovitud kulleri k\u00fclastuse aja. Teeme k\u00f5ik v\u00f5imaliku, et olla t\u00e4psed, kuid palume m\u00f5istvalt suhtuda, et etten\u00e4gematute asjaolude t\u00f5ttu teedel v\u00f5ib kohaletoimetamine veidi hilineda.<\/p>\n<p><strong>&nbsp;<\/strong><\/p>\t\t\t\t\t\t\t\t<\/div>\n\t\t\t\t<\/div>\n\t\t\t\t\t<\/div>\n\t\t\t\t<\/div>\n\t\t<div class=\"elementor-element elementor-element-aa45530 e-flex e-con-boxed e-con e-parent\" data-id=\"aa45530\" data-element_type=\"container\" data-e-type=\"container\">\n\t\t\t\t\t<div class=\"e-con-inner\">\n\t\t\t\t<div class=\"elementor-element elementor-element-1f9e4a7 elementor-widget-divider--view-line elementor-widget elementor-widget-divider\" data-id=\"1f9e4a7\" data-element_type=\"widget\" data-e-type=\"widget\" data-widget_type=\"divider.default\">\n\t\t\t\t<div class=\"elementor-widget-container\">\n\t\t\t\t\t\t\t<div class=\"elementor-divider\">\n\t\t\t<span class=\"elementor-divider-separator\">\n\t\t\t\t\t\t<\/span>\n\t\t<\/div>\n\t\t\t\t\t\t<\/div>\n\t\t\t\t<\/div>\n\t\t\t\t\t<\/div>\n\t\t\t\t<\/div>\n\t\t<div class=\"elementor-element elementor-element-43ec340 e-flex e-con-boxed e-con e-parent\" data-id=\"43ec340\" data-element_type=\"container\" data-e-type=\"container\">\n\t\t\t\t\t<div class=\"e-con-inner\">\n\t\t\t\t<div class=\"elementor-element elementor-element-a9d1a16 elementor-widget elementor-widget-heading\" data-id=\"a9d1a16\" data-element_type=\"widget\" data-e-type=\"widget\" data-widget_type=\"heading.default\">\n\t\t\t\t<div class=\"elementor-widget-container\">\n\t\t\t\t\t<h2 class=\"elementor-heading-title elementor-size-default\">Tagastamine<\/h2>\t\t\t\t<\/div>\n\t\t\t\t<\/div>\n\t\t\t\t\t<\/div>\n\t\t\t\t<\/div>\n\t\t<div class=\"elementor-element elementor-element-3f4a8df e-flex e-con-boxed e-con e-parent\" data-id=\"3f4a8df\" data-element_type=\"container\" data-e-type=\"container\">\n\t\t\t\t\t<div class=\"e-con-inner\">\n\t\t\t\t<div class=\"elementor-element elementor-element-2fdd5f5 elementor-widget elementor-widget-text-editor\" data-id=\"2fdd5f5\" data-element_type=\"widget\" data-e-type=\"widget\" data-widget_type=\"text-editor.default\">\n\t\t\t\t<div class=\"elementor-widget-container\">\n\t\t\t\t\t\t\t\t\t<p class=\"ds-markdown-paragraph\">Meie tooted on alati v\u00e4rsked ja n\u00f5uetekohase kvaliteediga.<\/p><p class=\"ds-markdown-paragraph\"><strong>P\u00f5hilised tingimused:<\/strong><\/p><ul><li class=\"ds-markdown-paragraph\">Lilleseadete tagastamine v\u00f5i vahetamine p\u00e4rast kliendile \u00fcleandmist ei ole nende loomulike omaduste t\u00f5ttu v\u00f5imalik.<\/li><li class=\"ds-markdown-paragraph\">Kui olete saadud tellimusega rahulolematu (n\u00e4iteks avastasite mittevastavuse), palume sellest teavitada meie juhatajat hiljemalt 24 tunni jooksul.<\/li><\/ul><p class=\"ds-markdown-paragraph\">Iga olukord vaadatakse l\u00e4bi individuaalselt ja me leiame kindlasti \u00f5iglase lahenduse, et te j\u00e4\u00e4ksite rahule.<\/p>\t\t\t\t\t\t\t\t<\/div>\n\t\t\t\t<\/div>\n\t\t\t\t\t<\/div>\n\t\t\t\t<\/div>\n\t\t<div class=\"elementor-element elementor-element-8c51454 e-flex e-con-boxed e-con e-parent\" data-id=\"8c51454\" data-element_type=\"container\" data-e-type=\"container\">\n\t\t\t\t\t<div class=\"e-con-inner\">\n\t\t\t\t<div class=\"elementor-element elementor-element-d7e52b1 elementor-widget-divider--view-line elementor-widget elementor-widget-divider\" data-id=\"d7e52b1\" data-element_type=\"widget\" data-e-type=\"widget\" data-widget_type=\"divider.default\">\n\t\t\t\t<div class=\"elementor-widget-container\">\n\t\t\t\t\t\t\t<div class=\"elementor-divider\">\n\t\t\t<span class=\"elementor-divider-separator\">\n\t\t\t\t\t\t<\/span>\n\t\t<\/div>\n\t\t\t\t\t\t<\/div>\n\t\t\t\t<\/div>\n\t\t\t\t\t<\/div>\n\t\t\t\t<\/div>\n\t\t\t\t<\/div>","protected":false},"excerpt":{"rendered":"<p>\u0414\u043e\u0441\u0442\u0430\u0432\u043a\u0430 \u0438 \u0432\u043e\u0437\u0432\u0440\u0430\u0442\u0414\u043e\u0441\u0442\u0430\u0432\u043a\u0430 \u043f\u043e \u0418\u0434\u0430-\u0412\u0438\u0440\u0443\u043c\u0430\u0430 \u0438 \u0438\u043d\u0434\u0438\u0432\u0438\u0434\u0443\u0430\u043b\u044c\u043d\u044b\u0439 \u043f\u043e\u0434\u0445\u043e\u0434 \u043a \u0440\u0435\u0448\u0435\u043d\u0438\u044e \u0432\u043e\u043f\u0440\u043e\u0441\u043e\u0432 \u043f\u043e \u0437\u0430\u043a\u0430\u0437\u0443. \u0414\u043e\u0441\u0442\u0430\u0432\u043a\u0430 \u0423\u0441\u043b\u043e\u0432\u0438\u044f \u0434\u043e\u0441\u0442\u0430\u0432\u043a\u0438 \u043f\u043e \u0418\u0434\u0430-\u0412\u0438\u0440\u0443\u043c\u0430\u0430 \u041c\u044b \u0441 \u0443\u0434\u043e\u0432\u043e\u043b\u044c\u0441\u0442\u0432\u0438\u0435\u043c \u043f\u0440\u0438\u0432\u0435\u0437\u0451\u043c \u0432\u0430\u0448 \u0437\u0430\u043a\u0430\u0437! \u0410\u043a\u0442\u0443\u0430\u043b\u044c\u043d\u044b\u0435 \u0442\u0430\u0440\u0438\u0444\u044b \u043d\u0430 \u0443\u0441\u043b\u0443\u0433\u0438 \u0434\u043e\u0441\u0442\u0430\u0432\u043a\u0438 \u0432 \u043a\u043b\u044e\u0447\u0435\u0432\u044b\u0435 \u0433\u043e\u0440\u043e\u0434\u0430 \u0438 \u043f\u043e\u0441\u0451\u043b\u043a\u0438 \u0443\u0435\u0437\u0434\u0430 \u043f\u0440\u0435\u0434\u0441\u0442\u0430\u0432\u043b\u0435\u043d\u044b \u043d\u0438\u0436\u0435. \u0422\u0430\u0440\u0438\u0444\u044b \u043d\u0430 \u0434\u043e\u0441\u0442\u0430\u0432\u043a\u0443: \u0419\u044b\u0445\u0432\u0438 \u0438 \u0410\u0445\u0442\u043c\u0435 \u2014 4 \u20ac \u041a\u043e\u0445\u0442\u043b\u0430-\u042f\u0440\u0432\u0435 \u2014 6 \u20ac \u0422\u043e\u0439\u043b\u0430 \u2014 7 \u20ac \u0421\u0438\u043b\u043b\u0430\u043c\u044f\u044d [&hellip;]<\/p>\n","protected":false},"author":1,"featured_media":0,"parent":0,"menu_order":0,"comment_status":"closed","ping_status":"closed","template":"","meta":{"site-sidebar-layout":"no-sidebar","site-content-layout":"page-builder","ast-site-content-layout":"full-width-container","site-content-style":"default","site-sidebar-style":"default","ast-global-header-display":"","ast-banner-title-visibility":"","ast-main-header-display":"","ast-hfb-above-header-display":"","ast-hfb-below-header-display":"","ast-hfb-mobile-header-display":"","site-post-title":"disabled","ast-breadcrumbs-content":"","ast-featured-img":"disabled","footer-sml-layout":"","theme-transparent-header-meta":"","adv-header-id-meta":"","stick-header-meta":"","header-above-stick-meta":"","header-main-stick-meta":"","header-below-stick-meta":"","astra-migrate-meta-layouts":"set","ast-page-background-enabled":"default","ast-page-background-meta":{"desktop":{"background-color":"","background-image":"","background-repeat":"repeat","background-position":"center center","background-size":"auto","background-attachment":"scroll","background-type":"","background-media":"","overlay-type":"","overlay-color":"","overlay-opacity":"","overlay-gradient":""},"tablet":{"background-color":"","background-image":"","background-repeat":"repeat","background-position":"center center","background-size":"auto","background-attachment":"scroll","background-type":"","background-media":"","overlay-type":"","overlay-color":"","overlay-opacity":"","overlay-gradient":""},"mobile":{"background-color":"","background-image":"","background-repeat":"repeat","background-position":"center center","background-size":"auto","background-attachment":"scroll","background-type":"","background-media":"","overlay-type":"","overlay-color":"","overlay-opacity":"","overlay-gradient":""}},"ast-content-background-meta":{"desktop":{"background-color":"var(--ast-global-color-5)","background-image":"","background-repeat":"repeat","background-position":"center center","background-size":"auto","background-attachment":"scroll","background-type":"","background-media":"","overlay-type":"","overlay-color":"","overlay-opacity":"","overlay-gradient":""},"tablet":{"background-color":"var(--ast-global-color-5)","background-image":"","background-repeat":"repeat","background-position":"center center","background-size":"auto","background-attachment":"scroll","background-type":"","background-media":"","overlay-type":"","overlay-color":"","overlay-opacity":"","overlay-gradient":""},"mobile":{"background-color":"var(--ast-global-color-5)","background-image":"","background-repeat":"repeat","background-position":"center center","background-size":"auto","background-attachment":"scroll","background-type":"","background-media":"","overlay-type":"","overlay-color":"","overlay-opacity":"","overlay-gradient":""}},"footnotes":""},"class_list":["post-10693","page","type-page","status-publish","hentry"],"jetpack_sharing_enabled":true,"_links":{"self":[{"href":"https:\/\/aviaflora.ee\/et\/wp-json\/wp\/v2\/pages\/10693","targetHints":{"allow":["GET"]}}],"collection":[{"href":"https:\/\/aviaflora.ee\/et\/wp-json\/wp\/v2\/pages"}],"about":[{"href":"https:\/\/aviaflora.ee\/et\/wp-json\/wp\/v2\/types\/page"}],"author":[{"embeddable":true,"href":"https:\/\/aviaflora.ee\/et\/wp-json\/wp\/v2\/users\/1"}],"replies":[{"embeddable":true,"href":"https:\/\/aviaflora.ee\/et\/wp-json\/wp\/v2\/comments?post=10693"}],"version-history":[{"count":15,"href":"https:\/\/aviaflora.ee\/et\/wp-json\/wp\/v2\/pages\/10693\/revisions"}],"predecessor-version":[{"id":11035,"href":"https:\/\/aviaflora.ee\/et\/wp-json\/wp\/v2\/pages\/10693\/revisions\/11035"}],"wp:attachment":[{"href":"https:\/\/aviaflora.ee\/et\/wp-json\/wp\/v2\/media?parent=10693"}],"curies":[{"name":"wp","href":"https:\/\/api.w.org\/{rel}","templated":true}]}}