{"id":10691,"date":"2025-12-11T23:20:52","date_gmt":"2025-12-11T20:20:52","guid":{"rendered":"https:\/\/aviaflora.ee\/?page_id=10691"},"modified":"2025-12-17T03:12:40","modified_gmt":"2025-12-17T00:12:40","slug":"privacy","status":"publish","type":"page","link":"https:\/\/aviaflora.ee\/et\/privacy\/","title":{"rendered":"\u041f\u043e\u043b\u0438\u0442\u0438\u043a\u0430 \u043a\u043e\u043d\u0444\u0438\u0434\u0435\u043d\u0446\u0438\u0430\u043b\u044c\u043d\u043e\u0441\u0442\u0438"},"content":{"rendered":"<div data-elementor-type=\"wp-page\" data-elementor-id=\"10691\" class=\"elementor elementor-10691\" data-elementor-post-type=\"page\">\n\t\t\t\t<div class=\"elementor-element elementor-element-931cf27 e-flex e-con-boxed e-con e-parent\" data-id=\"931cf27\" data-element_type=\"container\" data-e-type=\"container\">\n\t\t\t\t\t<div class=\"e-con-inner\">\n\t\t\t\t<div class=\"elementor-element elementor-element-1f227a2 elementor--h-position-center elementor--v-position-middle elementor-arrows-position-inside elementor-pagination-position-inside elementor-invisible elementor-widget elementor-widget-slides\" data-id=\"1f227a2\" data-element_type=\"widget\" data-e-type=\"widget\" data-settings=\"{&quot;_animation&quot;:&quot;fadeInDown&quot;,&quot;navigation&quot;:&quot;both&quot;,&quot;autoplay&quot;:&quot;yes&quot;,&quot;pause_on_hover&quot;:&quot;yes&quot;,&quot;pause_on_interaction&quot;:&quot;yes&quot;,&quot;autoplay_speed&quot;:5000,&quot;infinite&quot;:&quot;yes&quot;,&quot;transition&quot;:&quot;slide&quot;,&quot;transition_speed&quot;:500}\" data-widget_type=\"slides.default\">\n\t\t\t\t<div class=\"elementor-widget-container\">\n\t\t\t\t\t\t\t\t\t<div class=\"elementor-swiper\">\n\t\t\t\t\t<div class=\"elementor-slides-wrapper elementor-main-swiper swiper\" role=\"region\" aria-roledescription=\"carousel\" aria-label=\"Slides\" dir=\"ltr\" data-animation=\"fadeInUp\">\n\t\t\t\t<div class=\"swiper-wrapper elementor-slides\">\n\t\t\t\t\t\t\t\t\t\t<div class=\"elementor-repeater-item-94187d7 swiper-slide\" role=\"group\" aria-roledescription=\"slide\"><div class=\"swiper-slide-bg\" role=\"img\" aria-label=\"flowers-4072214_12801\"><\/div><div class=\"swiper-slide-inner\" ><div class=\"swiper-slide-contents\"><div class=\"elementor-slide-heading\">PRIVAATSUSPOLIITIKA<\/div><div class=\"elementor-slide-description\">Teie privaatsus on meile oluline<\/div><\/div><\/div><\/div>\t\t\t\t<\/div>\n\t\t\t\t\t\t\t<\/div>\n\t\t\t\t<\/div>\n\t\t\t\t\t\t\t\t<\/div>\n\t\t\t\t<\/div>\n\t\t\t\t<div class=\"elementor-element elementor-element-a42aebd elementor-widget-divider--view-line elementor-widget elementor-widget-divider\" data-id=\"a42aebd\" data-element_type=\"widget\" data-e-type=\"widget\" data-widget_type=\"divider.default\">\n\t\t\t\t<div class=\"elementor-widget-container\">\n\t\t\t\t\t\t\t<div class=\"elementor-divider\">\n\t\t\t<span class=\"elementor-divider-separator\">\n\t\t\t\t\t\t<\/span>\n\t\t<\/div>\n\t\t\t\t\t\t<\/div>\n\t\t\t\t<\/div>\n\t\t\t\t\t<\/div>\n\t\t\t\t<\/div>\n\t\t<div class=\"elementor-element elementor-element-943e73f e-flex e-con-boxed e-con e-parent\" data-id=\"943e73f\" data-element_type=\"container\" data-e-type=\"container\">\n\t\t\t\t\t<div class=\"e-con-inner\">\n\t\t\t\t<div class=\"elementor-element elementor-element-44f0520 elementor-widget elementor-widget-heading\" data-id=\"44f0520\" data-element_type=\"widget\" data-e-type=\"widget\" data-widget_type=\"heading.default\">\n\t\t\t\t<div class=\"elementor-widget-container\">\n\t\t\t\t\t<h2 class=\"elementor-heading-title elementor-size-default\">PRIVAATSUSPOLIITIKA\n<\/h2>\t\t\t\t<\/div>\n\t\t\t\t<\/div>\n\t\t\t\t\t<\/div>\n\t\t\t\t<\/div>\n\t\t<div class=\"elementor-element elementor-element-734562e e-flex e-con-boxed e-con e-parent\" data-id=\"734562e\" data-element_type=\"container\" data-e-type=\"container\">\n\t\t\t\t\t<div class=\"e-con-inner\">\n\t\t\t\t<div class=\"elementor-element elementor-element-902e594 elementor-widget elementor-widget-text-editor\" data-id=\"902e594\" data-element_type=\"widget\" data-e-type=\"widget\" data-widget_type=\"text-editor.default\">\n\t\t\t\t<div class=\"elementor-widget-container\">\n\t\t\t\t\t\t\t\t\t<h3>1. \u00dcldine teave<\/h3><p class=\"ds-markdown-paragraph\">Me j\u00e4rgime isikuandmete kaitse \u00fcldm\u00e4\u00e4rust (GDPR, EL 2016\/679) ja Eesti Vabariigi isikuandmete kaitse seadust. Me t\u00f6\u00f6tleme ainult neid isikuandmeid, mis on vajalikud kvaliteetsete teenuste osutamiseks lillede ja nendega seotud toodete m\u00fc\u00fcgi ja kohaletoimetamise valdkonnas.<\/p><h3>2. Kogutavad andmed<\/h3><p class=\"ds-markdown-paragraph\">Me v\u00f5ime koguda j\u00e4rgmisi isikuandmete kategooriaid:<\/p><ul><li><p class=\"ds-markdown-paragraph\">Teie t\u00e4isnimi<\/p><\/li><li><p class=\"ds-markdown-paragraph\">Telefoninumber<\/p><\/li><li><p class=\"ds-markdown-paragraph\">E-posti aadress<\/p><\/li><li><p class=\"ds-markdown-paragraph\">Postiaadressi tarne<\/p><\/li><li><p class=\"ds-markdown-paragraph\">Veebisaidil tagasiside vormide kaudu esitatud andmed (nt soovid buketi kohta)<\/p><\/li><li><p class=\"ds-markdown-paragraph\">Veebisaidi k\u00fclastamise teave (IP-aadress, k\u00fcpsised jne)<\/p><\/li><li><p class=\"ds-markdown-paragraph\">Tellimuste ajalugu ja eelistused<\/p><\/li><\/ul><h3>3. Andmete t\u00f6\u00f6tlemise eesm\u00e4rgid<\/h3><p class=\"ds-markdown-paragraph\">Me t\u00f6\u00f6tleme isikuandmeid ainult j\u00e4rgmiste eesm\u00e4rkide saavutamiseks:<\/p><ul><li><p class=\"ds-markdown-paragraph\">Lillede ja kaupade kohaletoimetamise tellimuste vormistamine ja t\u00e4itmine<\/p><\/li><li><p class=\"ds-markdown-paragraph\">Kohaletoimetamise aja broneerimine ja klientide p\u00e4ringutele vastamine<\/p><\/li><li><p class=\"ds-markdown-paragraph\">Klientide andmete ja tellimuste ajaloo haldamine<\/p><\/li><li><p class=\"ds-markdown-paragraph\">Teavitamine teenuste v\u00f5i kampaaniate muudatustest (teie n\u00f5usolekul)<\/p><\/li><li><p class=\"ds-markdown-paragraph\">Veebisaidi turvalisuse tagamine ja kasutajakogemuse parandamine<\/p><\/li><li><p class=\"ds-markdown-paragraph\">Raamatupidamis- ja maksukohustuste t\u00e4itmine<\/p><\/li><\/ul><h3>4. T\u00f6\u00f6tlemise \u00f5iguslik alus<\/h3><p class=\"ds-markdown-paragraph\">Me t\u00f6\u00f6tleme isikuandmeid j\u00e4rgmistel \u00f5iguslikel alustel:<\/p><ul><li><p class=\"ds-markdown-paragraph\">Lepinguliste kohustuste t\u00e4itmine (lillede k\u00e4ttetoimetamise teenuste osutamine)<\/p><\/li><li><p class=\"ds-markdown-paragraph\">Juriidiliste kohustuste t\u00e4itmine (nt raamatupidamisandmete s\u00e4ilitamine)<\/p><\/li><li><p class=\"ds-markdown-paragraph\">Teie n\u00f5usolek (nt turunduskommunikatsiooniks)<\/p><\/li><li><p class=\"ds-markdown-paragraph\">\u00d5igusp\u00e4rane huvi (nt pettuste ennetamine, teenuste parandamine)<\/p><\/li><\/ul><h3>5. Andmete s\u00e4ilitamise t\u00e4htaeg<\/h3><p class=\"ds-markdown-paragraph\">Me s\u00e4ilitame isikuandmeid ainult nii kaua, kui see on vajalik:<\/p><ul><li><p class=\"ds-markdown-paragraph\">Tellimuste ja tehingutega seotud andmed \u2013 vastavalt Eesti seadustele (tavaliselt 7 aastat raamatupidamisdokumentide puhul)<\/p><\/li><li><p class=\"ds-markdown-paragraph\">Veebisaidi andmed \u2013 kuni t\u00f6\u00f6tlemise eesm\u00e4rgi saavutamiseni v\u00f5i n\u00f5usoleku tagasiv\u00f5tmiseni<\/p><\/li><li><p class=\"ds-markdown-paragraph\">N\u00f5usoleku alusel t\u00f6\u00f6deldavad andmed \u2013 kuni n\u00f5usoleku tagasiv\u00f5tmiseni<\/p><\/li><\/ul><h3>6. Andmete edastamine kolmandatele isikutele<\/h3><p class=\"ds-markdown-paragraph\">Teie isikuandmeid v\u00f5idakse edastada:<\/p><ul><li><p class=\"ds-markdown-paragraph\">Kohaletoimetamisteenused (nt Omniva, kullerteenused) tellimuse t\u00e4itmiseks<\/p><\/li><li><p class=\"ds-markdown-paragraph\">IT-teenuste pakkujad (veebisaidi toimimise tagamiseks)<\/p><\/li><li><p class=\"ds-markdown-paragraph\">Makseteenuste pakkujatele ja pankadele tehingute t\u00f6\u00f6tlemiseks<\/p><\/li><li><p class=\"ds-markdown-paragraph\">Riigiasutustele seaduses s\u00e4testatud juhtudel<br \/>Me ei m\u00fc\u00fc ega edasta teie andmeid ilma seadusliku aluseta.<\/p><\/li><\/ul><h3>7. Teie \u00f5igused<\/h3><p class=\"ds-markdown-paragraph\">Teil on \u00f5igus:<\/p><ul><li><p class=\"ds-markdown-paragraph\">Juurdep\u00e4\u00e4s oma andmetele<\/p><\/li><li><p class=\"ds-markdown-paragraph\">Ebat\u00e4psete andmete parandamine v\u00f5i uuendamine<\/p><\/li><li><p class=\"ds-markdown-paragraph\">Oma n\u00f5usoleku tagasiv\u00f5tmine igal ajal<\/p><\/li><li><p class=\"ds-markdown-paragraph\">N\u00f5uda oma andmete kustutamist (seadusega s\u00e4testatud piires)<\/p><\/li><li><p class=\"ds-markdown-paragraph\">Piirata oma andmete t\u00f6\u00f6tlemist<\/p><\/li><li><p class=\"ds-markdown-paragraph\">Esitada kaebus Eesti Andmekaitseinspektorile:<br \/><a href=\"https:\/\/www.aki.ee\/ru\" target=\"_blank\" rel=\"noopener noreferrer\">https:\/\/www.aki.ee\/ru<\/a>\u00a0|\u00a0info@aki.ee<\/p><\/li><\/ul><h3>8. K\u00fcpsised<\/h3><p class=\"ds-markdown-paragraph\">Meie veebisait kasutab k\u00fcpsiseid, et parandada kasutajakogemust. K\u00fcpsised saab brauseri seadetest v\u00e4lja l\u00fclitada. Vajalikud k\u00fcpsised tagavad ostukorvi ja tellimuse vormistamise protsessi toimimise.<\/p><p><strong>Viimane uuendamise kuup\u00e4ev: 12.12.2025<\/strong><\/p>\t\t\t\t\t\t\t\t<\/div>\n\t\t\t\t<\/div>\n\t\t\t\t\t<\/div>\n\t\t\t\t<\/div>\n\t\t\t\t<\/div>","protected":false},"excerpt":{"rendered":"<p>\u041f\u041e\u041b\u0418\u0422\u0418\u041a\u0410 \u041a\u041e\u041d\u0424\u0418\u0414\u0415\u041d\u0426\u0418\u0410\u041b\u042c\u041d\u041e\u0421\u0422\u0418\u0412\u0430\u0448\u0430 \u043a\u043e\u043d\u0444\u0438\u0434\u0435\u043d\u0446\u0438\u0430\u043b\u044c\u043d\u043e\u0441\u0442\u044c \u0432\u0430\u0436\u043d\u0430 \u0434\u043b\u044f \u043d\u0430\u0441 \u041f\u041e\u041b\u0418\u0422\u0418\u041a\u0410 \u041a\u041e\u041d\u0424\u0418\u0414\u0415\u041d\u0426\u0418\u0410\u041b\u042c\u041d\u041e\u0421\u0422\u0418 1. \u041e\u0431\u0449\u0430\u044f \u0438\u043d\u0444\u043e\u0440\u043c\u0430\u0446\u0438\u044f \u041c\u044b \u0441\u043e\u0431\u043b\u044e\u0434\u0430\u0435\u043c \u041e\u0431\u0449\u0438\u0439 \u0440\u0435\u0433\u043b\u0430\u043c\u0435\u043d\u0442 \u043f\u043e \u0437\u0430\u0449\u0438\u0442\u0435 \u0434\u0430\u043d\u043d\u044b\u0445 (GDPR, \u0415\u0421 2016\/679) \u0438 \u0417\u0430\u043a\u043e\u043d \u042d\u0441\u0442\u043e\u043d\u0441\u043a\u043e\u0439 \u0420\u0435\u0441\u043f\u0443\u0431\u043b\u0438\u043a\u0438 \u043e \u0437\u0430\u0449\u0438\u0442\u0435 \u043f\u0435\u0440\u0441\u043e\u043d\u0430\u043b\u044c\u043d\u044b\u0445 \u0434\u0430\u043d\u043d\u044b\u0445. \u041c\u044b \u043e\u0431\u0440\u0430\u0431\u0430\u0442\u044b\u0432\u0430\u0435\u043c \u0442\u043e\u043b\u044c\u043a\u043e \u0442\u0435 \u043f\u0435\u0440\u0441\u043e\u043d\u0430\u043b\u044c\u043d\u044b\u0435 \u0434\u0430\u043d\u043d\u044b\u0435, \u043a\u043e\u0442\u043e\u0440\u044b\u0435 \u043d\u0435\u043e\u0431\u0445\u043e\u0434\u0438\u043c\u044b \u0434\u043b\u044f \u043e\u043a\u0430\u0437\u0430\u043d\u0438\u044f \u043a\u0430\u0447\u0435\u0441\u0442\u0432\u0435\u043d\u043d\u044b\u0445 \u0443\u0441\u043b\u0443\u0433 \u043f\u043e \u043f\u0440\u043e\u0434\u0430\u0436\u0435 \u0438 \u0434\u043e\u0441\u0442\u0430\u0432\u043a\u0435 \u0446\u0432\u0435\u0442\u043e\u0432 \u0438 \u0441\u043e\u043f\u0443\u0442\u0441\u0442\u0432\u0443\u044e\u0449\u0438\u0445 \u0442\u043e\u0432\u0430\u0440\u043e\u0432. 2. \u0421\u043e\u0431\u0438\u0440\u0430\u0435\u043c\u044b\u0435 \u0434\u0430\u043d\u043d\u044b\u0435 \u041c\u044b \u043c\u043e\u0436\u0435\u043c \u0441\u043e\u0431\u0438\u0440\u0430\u0442\u044c [&hellip;]<\/p>\n","protected":false},"author":1,"featured_media":0,"parent":0,"menu_order":0,"comment_status":"closed","ping_status":"closed","template":"","meta":{"site-sidebar-layout":"no-sidebar","site-content-layout":"page-builder","ast-site-content-layout":"full-width-container","site-content-style":"default","site-sidebar-style":"default","ast-global-header-display":"","ast-banner-title-visibility":"","ast-main-header-display":"","ast-hfb-above-header-display":"","ast-hfb-below-header-display":"","ast-hfb-mobile-header-display":"","site-post-title":"disabled","ast-breadcrumbs-content":"","ast-featured-img":"disabled","footer-sml-layout":"","theme-transparent-header-meta":"","adv-header-id-meta":"","stick-header-meta":"","header-above-stick-meta":"","header-main-stick-meta":"","header-below-stick-meta":"","astra-migrate-meta-layouts":"set","ast-page-background-enabled":"default","ast-page-background-meta":{"desktop":{"background-color":"","background-image":"","background-repeat":"repeat","background-position":"center center","background-size":"auto","background-attachment":"scroll","background-type":"","background-media":"","overlay-type":"","overlay-color":"","overlay-opacity":"","overlay-gradient":""},"tablet":{"background-color":"","background-image":"","background-repeat":"repeat","background-position":"center center","background-size":"auto","background-attachment":"scroll","background-type":"","background-media":"","overlay-type":"","overlay-color":"","overlay-opacity":"","overlay-gradient":""},"mobile":{"background-color":"","background-image":"","background-repeat":"repeat","background-position":"center center","background-size":"auto","background-attachment":"scroll","background-type":"","background-media":"","overlay-type":"","overlay-color":"","overlay-opacity":"","overlay-gradient":""}},"ast-content-background-meta":{"desktop":{"background-color":"var(--ast-global-color-5)","background-image":"","background-repeat":"repeat","background-position":"center center","background-size":"auto","background-attachment":"scroll","background-type":"","background-media":"","overlay-type":"","overlay-color":"","overlay-opacity":"","overlay-gradient":""},"tablet":{"background-color":"var(--ast-global-color-5)","background-image":"","background-repeat":"repeat","background-position":"center center","background-size":"auto","background-attachment":"scroll","background-type":"","background-media":"","overlay-type":"","overlay-color":"","overlay-opacity":"","overlay-gradient":""},"mobile":{"background-color":"var(--ast-global-color-5)","background-image":"","background-repeat":"repeat","background-position":"center center","background-size":"auto","background-attachment":"scroll","background-type":"","background-media":"","overlay-type":"","overlay-color":"","overlay-opacity":"","overlay-gradient":""}},"footnotes":""},"class_list":["post-10691","page","type-page","status-publish","hentry"],"jetpack_sharing_enabled":true,"_links":{"self":[{"href":"https:\/\/aviaflora.ee\/et\/wp-json\/wp\/v2\/pages\/10691","targetHints":{"allow":["GET"]}}],"collection":[{"href":"https:\/\/aviaflora.ee\/et\/wp-json\/wp\/v2\/pages"}],"about":[{"href":"https:\/\/aviaflora.ee\/et\/wp-json\/wp\/v2\/types\/page"}],"author":[{"embeddable":true,"href":"https:\/\/aviaflora.ee\/et\/wp-json\/wp\/v2\/users\/1"}],"replies":[{"embeddable":true,"href":"https:\/\/aviaflora.ee\/et\/wp-json\/wp\/v2\/comments?post=10691"}],"version-history":[{"count":12,"href":"https:\/\/aviaflora.ee\/et\/wp-json\/wp\/v2\/pages\/10691\/revisions"}],"predecessor-version":[{"id":11032,"href":"https:\/\/aviaflora.ee\/et\/wp-json\/wp\/v2\/pages\/10691\/revisions\/11032"}],"wp:attachment":[{"href":"https:\/\/aviaflora.ee\/et\/wp-json\/wp\/v2\/media?parent=10691"}],"curies":[{"name":"wp","href":"https:\/\/api.w.org\/{rel}","templated":true}]}}