{"id":10514,"date":"2025-12-08T17:52:42","date_gmt":"2025-12-08T14:52:42","guid":{"rendered":"https:\/\/aviaflora.ee\/?page_id=10514"},"modified":"2026-03-02T13:21:09","modified_gmt":"2026-03-02T11:21:09","slug":"about-us","status":"publish","type":"page","link":"https:\/\/aviaflora.ee\/et\/about-us\/","title":{"rendered":"Meist"},"content":{"rendered":"<div data-elementor-type=\"wp-page\" data-elementor-id=\"10514\" class=\"elementor elementor-10514\" data-elementor-post-type=\"page\">\n\t\t\t\t<div class=\"elementor-element elementor-element-51083e2 e-flex e-con-boxed elementor-invisible e-con e-parent\" data-id=\"51083e2\" data-element_type=\"container\" data-e-type=\"container\" data-settings=\"{&quot;animation&quot;:&quot;fadeInDown&quot;}\">\n\t\t\t\t\t<div class=\"e-con-inner\">\n\t\t\t\t<div class=\"elementor-element elementor-element-d98449e elementor--h-position-center elementor--v-position-middle elementor-arrows-position-inside elementor-pagination-position-inside elementor-widget elementor-widget-slides\" data-id=\"d98449e\" data-element_type=\"widget\" data-e-type=\"widget\" data-settings=\"{&quot;navigation&quot;:&quot;both&quot;,&quot;autoplay&quot;:&quot;yes&quot;,&quot;pause_on_hover&quot;:&quot;yes&quot;,&quot;pause_on_interaction&quot;:&quot;yes&quot;,&quot;autoplay_speed&quot;:5000,&quot;infinite&quot;:&quot;yes&quot;,&quot;transition&quot;:&quot;slide&quot;,&quot;transition_speed&quot;:500}\" data-widget_type=\"slides.default\">\n\t\t\t\t<div class=\"elementor-widget-container\">\n\t\t\t\t\t\t\t\t\t<div class=\"elementor-swiper\">\n\t\t\t\t\t<div class=\"elementor-slides-wrapper elementor-main-swiper swiper\" role=\"region\" aria-roledescription=\"carousel\" aria-label=\"\u041e \u041d\u0430\u0441RU\" dir=\"ltr\" data-animation=\"fadeInUp\">\n\t\t\t\t<div class=\"swiper-wrapper elementor-slides\">\n\t\t\t\t\t\t\t\t\t\t<div class=\"elementor-repeater-item-3f973d6 swiper-slide\" role=\"group\" aria-roledescription=\"slide\"><div class=\"swiper-slide-bg\" role=\"img\" aria-label=\"flowers-4072214_12801\"><\/div><div class=\"swiper-slide-inner\" ><div class=\"swiper-slide-contents\"><div class=\"elementor-slide-heading\">AviaFlora Meist<\/div><div class=\"elementor-slide-description\">Meie eesm\u00e4rk on, et iga klient tunneks soojust, t\u00e4helepanu ja hoolivust.<\/div><\/div><\/div><\/div>\t\t\t\t<\/div>\n\t\t\t\t\t\t\t<\/div>\n\t\t\t\t<\/div>\n\t\t\t\t\t\t\t\t<\/div>\n\t\t\t\t<\/div>\n\t\t\t\t\t<\/div>\n\t\t\t\t<\/div>\n\t\t<div class=\"elementor-element elementor-element-eee2f4f e-flex e-con-boxed e-con e-parent\" data-id=\"eee2f4f\" data-element_type=\"container\" data-e-type=\"container\">\n\t\t\t\t\t<div class=\"e-con-inner\">\n\t\t\t\t<div class=\"elementor-element elementor-element-7c79d76 elementor-widget-divider--view-line elementor-widget elementor-widget-divider\" data-id=\"7c79d76\" data-element_type=\"widget\" data-e-type=\"widget\" data-widget_type=\"divider.default\">\n\t\t\t\t<div class=\"elementor-widget-container\">\n\t\t\t\t\t\t\t<div class=\"elementor-divider\">\n\t\t\t<span class=\"elementor-divider-separator\">\n\t\t\t\t\t\t<\/span>\n\t\t<\/div>\n\t\t\t\t\t\t<\/div>\n\t\t\t\t<\/div>\n\t\t\t\t<div class=\"elementor-element elementor-element-9cb95b9 elementor-invisible elementor-widget elementor-widget-heading\" data-id=\"9cb95b9\" data-element_type=\"widget\" data-e-type=\"widget\" data-settings=\"{&quot;_animation&quot;:&quot;fadeInLeft&quot;}\" data-widget_type=\"heading.default\">\n\t\t\t\t<div class=\"elementor-widget-container\">\n\t\t\t\t\t<h2 class=\"elementor-heading-title elementor-size-default\">Meist<\/h2>\t\t\t\t<\/div>\n\t\t\t\t<\/div>\n\t\t\t\t\t<\/div>\n\t\t\t\t<\/div>\n\t\t<div class=\"elementor-element elementor-element-bea11d6 e-grid e-con-boxed e-con e-parent\" data-id=\"bea11d6\" data-element_type=\"container\" data-e-type=\"container\">\n\t\t\t\t\t<div class=\"e-con-inner\">\n\t\t\t\t<div class=\"elementor-element elementor-element-f0b557d elementor-invisible elementor-widget elementor-widget-text-editor\" data-id=\"f0b557d\" data-element_type=\"widget\" data-e-type=\"widget\" data-settings=\"{&quot;_animation&quot;:&quot;fadeInLeft&quot;}\" data-widget_type=\"text-editor.default\">\n\t\t\t\t<div class=\"elementor-widget-container\">\n\t\t\t\t\t\t\t\t\t<p>Tere tulemast AviaFlora \u2013 teie inspiratsiooniallikas ja v\u00e4rskete, peenete lillede m\u00fc\u00fcja. \u00dchendame mugava veebitellimuse ja t\u00f5elise, f\u00fc\u00fcsilise poe s\u00fcdamlikkuse, et pakkuda teile ja teie l\u00e4hedastele t\u00f5elise ilu hetki. Meie missioon on olla looduse keele t\u00f5lkijad, muutes \u00f5ite vaikse poeesiat eriliseks lugudeks teie erilistele p\u00e4evadele.<\/p>\t\t\t\t\t\t\t\t<\/div>\n\t\t\t\t<\/div>\n\t\t\t\t<div class=\"elementor-element elementor-element-1b116d1 elementor-invisible elementor-widget elementor-widget-image\" data-id=\"1b116d1\" data-element_type=\"widget\" data-e-type=\"widget\" data-settings=\"{&quot;_animation&quot;:&quot;fadeInRight&quot;}\" data-widget_type=\"image.default\">\n\t\t\t\t<div class=\"elementor-widget-container\">\n\t\t\t\t\t\t\t\t\t\t\t\t\t\t\t<img fetchpriority=\"high\" decoding=\"async\" width=\"596\" height=\"167\" src=\"https:\/\/aviaflora.ee\/wp-content\/uploads\/2025\/09\/\u043b\u043e\u0433\u043e-avia.png\" class=\"attachment-full size-full wp-image-8419\" alt=\"\u041b\u043e\u0433\u043e\u0442\u0438\u043f\" srcset=\"https:\/\/aviaflora.ee\/wp-content\/uploads\/2025\/09\/\u043b\u043e\u0433\u043e-avia.png 596w, https:\/\/aviaflora.ee\/wp-content\/uploads\/2025\/09\/\u043b\u043e\u0433\u043e-avia-300x84.png 300w\" sizes=\"(max-width: 596px) 100vw, 596px\" \/>\t\t\t\t\t\t\t\t\t\t\t\t\t\t\t<\/div>\n\t\t\t\t<\/div>\n\t\t\t\t\t<\/div>\n\t\t\t\t<\/div>\n\t\t<div class=\"elementor-element elementor-element-3623c10 e-grid e-con-boxed e-con e-parent\" data-id=\"3623c10\" data-element_type=\"container\" data-e-type=\"container\">\n\t\t\t\t\t<div class=\"e-con-inner\">\n\t\t\t\t<div class=\"elementor-element elementor-element-c134bb6 elementor-invisible elementor-widget elementor-widget-image\" data-id=\"c134bb6\" data-element_type=\"widget\" data-e-type=\"widget\" data-settings=\"{&quot;_animation&quot;:&quot;fadeInLeft&quot;}\" data-widget_type=\"image.default\">\n\t\t\t\t<div class=\"elementor-widget-container\">\n\t\t\t\t\t\t\t\t\t\t\t\t\t\t\t<img decoding=\"async\" width=\"1024\" height=\"446\" src=\"https:\/\/aviaflora.ee\/wp-content\/uploads\/2025\/12\/wwww-1024x446.png\" class=\"attachment-large size-large wp-image-10669\" alt=\"\" srcset=\"https:\/\/aviaflora.ee\/wp-content\/uploads\/2025\/12\/wwww-1024x446.png 1024w, https:\/\/aviaflora.ee\/wp-content\/uploads\/2025\/12\/wwww-300x131.png 300w, https:\/\/aviaflora.ee\/wp-content\/uploads\/2025\/12\/wwww-768x334.png 768w, https:\/\/aviaflora.ee\/wp-content\/uploads\/2025\/12\/wwww-600x261.png 600w, https:\/\/aviaflora.ee\/wp-content\/uploads\/2025\/12\/wwww.png 1280w\" sizes=\"(max-width: 1024px) 100vw, 1024px\" \/>\t\t\t\t\t\t\t\t\t\t\t\t\t\t\t<\/div>\n\t\t\t\t<\/div>\n\t\t\t\t<div class=\"elementor-element elementor-element-e91b377 elementor-invisible elementor-widget elementor-widget-text-editor\" data-id=\"e91b377\" data-element_type=\"widget\" data-e-type=\"widget\" data-settings=\"{&quot;_animation&quot;:&quot;fadeInRight&quot;}\" data-widget_type=\"text-editor.default\">\n\t\t\t\t<div class=\"elementor-widget-container\">\n\t\t\t\t\t\t\t\t\t<p>AviaFlora s\u00fcndis lihtsast, kuid tugevast armastusest looduse ilu vastu ja soovist muuta see k\u00f5igile k\u00e4ttesaadavaks. Alustasime v\u00e4ikese lillepoega, kus iga kimp kooti k\u00e4sitsi, p\u00f6\u00f6rates t\u00e4helepanu lille iseloomule ja kliendi soovidele. T\u00e4naseks oleme kasvanud kaasaegseks poeks, s\u00e4ilitades k\u00f5ige olulisema: hinge, mis on pandud igasse kompositsiooni, ja isikliku suhtumise igasse tellimusse.<\/p><p>\u201eAviaFlora\u201d t\u00e4histab kiiret kohaletoimetamist (Avia) ja meie tegevuse olemust (Flora). Toome teile kiiresti v\u00e4rske ilu.<\/p>\t\t\t\t\t\t\t\t<\/div>\n\t\t\t\t<\/div>\n\t\t\t\t\t<\/div>\n\t\t\t\t<\/div>\n\t\t<div class=\"elementor-element elementor-element-55e0ebb e-flex e-con-boxed e-con e-parent\" data-id=\"55e0ebb\" data-element_type=\"container\" data-e-type=\"container\">\n\t\t\t\t\t<div class=\"e-con-inner\">\n\t\t\t\t<div class=\"elementor-element elementor-element-7c8f1bb elementor-widget-divider--view-line elementor-widget elementor-widget-divider\" data-id=\"7c8f1bb\" data-element_type=\"widget\" data-e-type=\"widget\" data-widget_type=\"divider.default\">\n\t\t\t\t<div class=\"elementor-widget-container\">\n\t\t\t\t\t\t\t<div class=\"elementor-divider\">\n\t\t\t<span class=\"elementor-divider-separator\">\n\t\t\t\t\t\t<\/span>\n\t\t<\/div>\n\t\t\t\t\t\t<\/div>\n\t\t\t\t<\/div>\n\t\t\t\t\t<\/div>\n\t\t\t\t<\/div>\n\t\t\t\t<\/div>","protected":false},"excerpt":{"rendered":"<p>AviaFlora \u041e \u043d\u0430\u0441\u041c\u044b \u0441\u0442\u0440\u0435\u043c\u0438\u043c\u0441\u044f \u043a \u0442\u043e\u043c\u0443, \u0447\u0442\u043e\u0431\u044b \u043a\u0430\u0436\u0434\u044b\u0439 \u043a\u043b\u0438\u0435\u043d\u0442 \u0447\u0443\u0432\u0441\u0442\u0432\u043e\u0432\u0430\u043b \u0442\u0435\u043f\u043b\u043e, \u0432\u043d\u0438\u043c\u0430\u043d\u0438\u0435 \u0438 \u0437\u0430\u0431\u043e\u0442\u0443. \u041e \u043d\u0430\u0441 \u0414\u043e\u0431\u0440\u043e \u043f\u043e\u0436\u0430\u043b\u043e\u0432\u0430\u0442\u044c \u0432 AviaFlora \u2014 \u0432\u0430\u0448 \u0438\u0441\u0442\u043e\u0447\u043d\u0438\u043a \u0432\u0434\u043e\u0445\u043d\u043e\u0432\u0435\u043d\u0438\u044f \u0438 \u0441\u0432\u0435\u0436\u0438\u0445, \u0438\u0437\u044b\u0441\u043a\u0430\u043d\u043d\u044b\u0445 \u0446\u0432\u0435\u0442\u043e\u0432. \u041c\u044b \u0441\u043e\u0435\u0434\u0438\u043d\u044f\u0435\u043c \u0443\u0434\u043e\u0431\u0441\u0442\u0432\u043e \u043e\u043d\u043b\u0430\u0439\u043d-\u0437\u0430\u043a\u0430\u0437\u0430 \u0441 \u0434\u0443\u0448\u0435\u0432\u043d\u043e\u0441\u0442\u044c\u044e \u043d\u0430\u0441\u0442\u043e\u044f\u0449\u0435\u0433\u043e, \u043e\u0444\u0444\u043b\u0430\u0439\u043d-\u043c\u0430\u0433\u0430\u0437\u0438\u043d\u0430, \u0447\u0442\u043e\u0431\u044b \u0434\u0430\u0440\u0438\u0442\u044c \u0432\u0430\u043c \u0438 \u0432\u0430\u0448\u0438\u043c \u0431\u043b\u0438\u0437\u043a\u0438\u043c \u043c\u043e\u043c\u0435\u043d\u0442\u044b \u043d\u0430\u0441\u0442\u043e\u044f\u0449\u0435\u0439 \u043a\u0440\u0430\u0441\u043e\u0442\u044b. \u041d\u0430\u0448\u0430 \u043c\u0438\u0441\u0441\u0438\u044f \u2014 \u0431\u044b\u0442\u044c \u043f\u0435\u0440\u0435\u0432\u043e\u0434\u0447\u0438\u043a\u0430\u043c\u0438 \u0441 \u044f\u0437\u044b\u043a\u0430 \u043f\u0440\u0438\u0440\u043e\u0434\u044b, \u043f\u0440\u0435\u0432\u0440\u0430\u0449\u0430\u044f \u0431\u0435\u0437\u043c\u043e\u043b\u0432\u043d\u0443\u044e [&hellip;]<\/p>\n","protected":false},"author":1,"featured_media":0,"parent":0,"menu_order":0,"comment_status":"closed","ping_status":"closed","template":"","meta":{"site-sidebar-layout":"no-sidebar","site-content-layout":"page-builder","ast-site-content-layout":"full-width-container","site-content-style":"unboxed","site-sidebar-style":"unboxed","ast-global-header-display":"","ast-banner-title-visibility":"","ast-main-header-display":"","ast-hfb-above-header-display":"","ast-hfb-below-header-display":"","ast-hfb-mobile-header-display":"","site-post-title":"disabled","ast-breadcrumbs-content":"","ast-featured-img":"disabled","footer-sml-layout":"","theme-transparent-header-meta":"","adv-header-id-meta":"","stick-header-meta":"","header-above-stick-meta":"","header-main-stick-meta":"","header-below-stick-meta":"","astra-migrate-meta-layouts":"set","ast-page-background-enabled":"default","ast-page-background-meta":{"desktop":{"background-color":"","background-image":"","background-repeat":"repeat","background-position":"center center","background-size":"auto","background-attachment":"scroll","background-type":"","background-media":"","overlay-type":"","overlay-color":"","overlay-opacity":"","overlay-gradient":""},"tablet":{"background-color":"","background-image":"","background-repeat":"repeat","background-position":"center center","background-size":"auto","background-attachment":"scroll","background-type":"","background-media":"","overlay-type":"","overlay-color":"","overlay-opacity":"","overlay-gradient":""},"mobile":{"background-color":"","background-image":"","background-repeat":"repeat","background-position":"center center","background-size":"auto","background-attachment":"scroll","background-type":"","background-media":"","overlay-type":"","overlay-color":"","overlay-opacity":"","overlay-gradient":""}},"ast-content-background-meta":{"desktop":{"background-color":"var(--ast-global-color-5)","background-image":"","background-repeat":"repeat","background-position":"center center","background-size":"auto","background-attachment":"scroll","background-type":"","background-media":"","overlay-type":"","overlay-color":"","overlay-opacity":"","overlay-gradient":""},"tablet":{"background-color":"var(--ast-global-color-5)","background-image":"","background-repeat":"repeat","background-position":"center center","background-size":"auto","background-attachment":"scroll","background-type":"","background-media":"","overlay-type":"","overlay-color":"","overlay-opacity":"","overlay-gradient":""},"mobile":{"background-color":"var(--ast-global-color-5)","background-image":"","background-repeat":"repeat","background-position":"center center","background-size":"auto","background-attachment":"scroll","background-type":"","background-media":"","overlay-type":"","overlay-color":"","overlay-opacity":"","overlay-gradient":""}},"footnotes":""},"class_list":["post-10514","page","type-page","status-publish","hentry"],"jetpack_sharing_enabled":true,"_links":{"self":[{"href":"https:\/\/aviaflora.ee\/et\/wp-json\/wp\/v2\/pages\/10514","targetHints":{"allow":["GET"]}}],"collection":[{"href":"https:\/\/aviaflora.ee\/et\/wp-json\/wp\/v2\/pages"}],"about":[{"href":"https:\/\/aviaflora.ee\/et\/wp-json\/wp\/v2\/types\/page"}],"author":[{"embeddable":true,"href":"https:\/\/aviaflora.ee\/et\/wp-json\/wp\/v2\/users\/1"}],"replies":[{"embeddable":true,"href":"https:\/\/aviaflora.ee\/et\/wp-json\/wp\/v2\/comments?post=10514"}],"version-history":[{"count":21,"href":"https:\/\/aviaflora.ee\/et\/wp-json\/wp\/v2\/pages\/10514\/revisions"}],"predecessor-version":[{"id":11096,"href":"https:\/\/aviaflora.ee\/et\/wp-json\/wp\/v2\/pages\/10514\/revisions\/11096"}],"wp:attachment":[{"href":"https:\/\/aviaflora.ee\/et\/wp-json\/wp\/v2\/media?parent=10514"}],"curies":[{"name":"wp","href":"https:\/\/api.w.org\/{rel}","templated":true}]}}